{"id":13247,"date":"2020-06-10T11:50:41","date_gmt":"2020-06-10T09:50:41","guid":{"rendered":"https:\/\/mspaisatge.predev.eu\/sobre-nosaltres\/"},"modified":"2026-02-10T19:34:35","modified_gmt":"2026-02-10T17:34:35","slug":"sobre-nosotros","status":"publish","type":"page","link":"https:\/\/www.mspaisatge.com\/es\/sobre-nosotros\/","title":{"rendered":"Sobre nosotros"},"content":{"rendered":"\t\t<div data-elementor-type=\"wp-page\" data-elementor-id=\"13247\" class=\"elementor elementor-13247 elementor-360\">\n\t\t\t\t<div class=\"elementor-element elementor-element-2478503 e-flex e-con-boxed e-con e-parent\" data-id=\"2478503\" data-element_type=\"container\" data-e-type=\"container\">\n\t\t\t\t\t<div class=\"e-con-inner\">\n\t\t<div class=\"elementor-element elementor-element-6749ad1 e-con-full e-flex e-con e-child\" data-id=\"6749ad1\" data-element_type=\"container\" data-e-type=\"container\">\n\t\t\t\t<div class=\"elementor-element elementor-element-42f81c0 coffeytea-star-rating--align-center elementor-widget elementor-widget-witr_section_title\" data-id=\"42f81c0\" data-element_type=\"widget\" data-e-type=\"widget\" data-widget_type=\"witr_section_title.default\">\n\t\t\t\t<div class=\"elementor-widget-container\">\n\t\t\t\t\t\t\t\t\t\t<!-- title left -->\n\t\t\t\t\t<div class=\"witr_section_title\">\n\t\t\t\t\t\t<div class=\"witr_section_title_inner text-left\">\n\t\t\t\t\t\t\n\t\t\t\t\t\t\t<!-- icon position -->\n\t\t\t\t\t\t\t\t\n\t\t\t\t\t\t\t<!-- end icon position -->\n\t\t\t\t\t\t\n\t\t\t\t\t\t\n\t\t\t\t\t\t\t<!-- title top -->\n\t\t\t\t\t\t\t\t\t\t\t\t\t\t\t<h2>MS PAISATGE<\/h2>\t\t\n\t\t\t\t\t\t\t\n\t\t\t\t\t\t\t<!-- icon position -->\n\t\t\t\t\t\t\t\t\n\t\t\t\t\t\t\t<!-- end icon position -->\n\n\t\t\t\t\t\t\t\n\t\t\t\t\t\t\t<!-- title middle -->\n\t\t\t\t\t\t\t\t\t\t\t\t\t\t\t<h3>Nuestra trayectoria<\/h3>\t\t\n\t\t\t\t\t\t\t\t\t\t\t\t\t\t<!-- title bottom -->\n\t\t\t\t\t\t\t\t\t\t\t\t\t\t\n\t\t\t\t\t\t\t<!-- icon position -->\n\t\t\t\t\t\t\t\t\t\t\t\t\t\t\n\t\t\t\t\t\t\t<!-- image -->\n\t\t\t\t\t\t\t\t\t\t\t\t\t\t<!-- icon -->\n\t\t\t\t\t\t\t\t\t\t\t\t\t\t\n\t\t\t\t\t\t\t\t<div class=\"witr_icon_title\">\n\t\t\t\t\t\t\t\t\t<i class=\"ti ti-layout-line-solid\"><\/i>\t\n\t\t\t\t\t\t\t\t<\/div>\t\n\t\t\t\t\t\t\t\t\t\t\t\t\t\t\n\t\t\t\t\t\t\t<!-- bar -->\n\t\t\t\t\t\t\t\t\t\t\t\t\t\t<!-- circle bar -->\n\t\t\t\t\t\t\t\t\t\t\t\t\t\t\n\t\t\t\t\t\t\t\t\n\t\t\t\t\t\t\t<!-- end icon position -->\n\n\t\t\t\t\t\t\t<!-- content -->\n\t\t\t\t\t\t\t\t\t\t\t\t\t\t\t<p>Ms paisaje est\u00e1 formado por especialistas en ingenier\u00eda, biolog\u00eda, paisajismo y  arboricultura urbana. Desarrollamos nuestra actividad desde 1997 en proyectos p\u00fablicos y privados. Tenemos una amplia trayectoria en rehabilitaci\u00f3n y renaturalizaci\u00f3n de espacios p\u00fablicos, tanto hist\u00f3ricos como de nueva creaci\u00f3n; as\u00ed como experiencia en el trabajo interdisciplinario para integrar biodiversidad, eficiencia h\u00eddrica y adaptaci\u00f3n al cambio clim\u00e1tico. <\/p>\t\t\n\t\t\t\t\t\t\t\t\t\t\t\t\t<\/div>\n\t\t\t\t\t\t\t<!-- inner title -->\n\t\t\t\t\t\t\t\t\t\t\t\t\t\n\t\t\t\t\t<\/div>\t\t\t\t\n\t\t\t\t\t\t\t\t<\/div>\n\t\t\t\t<\/div>\n\t\t<div class=\"elementor-element elementor-element-cfa25c2 e-con-full e-flex e-con e-child\" data-id=\"cfa25c2\" data-element_type=\"container\" data-e-type=\"container\">\n\t\t\t\t<div class=\"elementor-element elementor-element-6dcaf40 elementor-widget elementor-widget-image\" data-id=\"6dcaf40\" data-element_type=\"widget\" data-e-type=\"widget\" data-widget_type=\"image.default\">\n\t\t\t\t\t\t\t\t\t\t\t\t\t\t\t<img fetchpriority=\"high\" decoding=\"async\" width=\"1900\" height=\"1267\" src=\"https:\/\/www.mspaisatge.com\/wp-content\/uploads\/2026\/01\/MSPaisatge-12-1.jpg\" class=\"attachment-full size-full wp-image-13249\" alt=\"\" srcset=\"https:\/\/www.mspaisatge.com\/wp-content\/uploads\/2026\/01\/MSPaisatge-12-1.jpg 1900w, https:\/\/www.mspaisatge.com\/wp-content\/uploads\/2026\/01\/MSPaisatge-12-1-300x200.jpg 300w, https:\/\/www.mspaisatge.com\/wp-content\/uploads\/2026\/01\/MSPaisatge-12-1-768x512.jpg 768w, https:\/\/www.mspaisatge.com\/wp-content\/uploads\/2026\/01\/MSPaisatge-12-1-1024x683.jpg 1024w, https:\/\/www.mspaisatge.com\/wp-content\/uploads\/2026\/01\/MSPaisatge-12-1-1536x1024.jpg 1536w\" sizes=\"(max-width: 1900px) 100vw, 1900px\" \/>\t\t\t\t\t\t\t\t\t\t\t\t\t\t\t<\/div>\n\t\t\t\t<\/div>\n\t\t\t\t<\/div>\n\t\t<div class=\"elementor-element elementor-element-928e926 e-con-full e-flex e-con e-child\" data-id=\"928e926\" data-element_type=\"container\" data-e-type=\"container\">\n\t\t\t\t<div class=\"elementor-element elementor-element-2b43044 elementor-widget elementor-widget-spacer\" data-id=\"2b43044\" data-element_type=\"widget\" data-e-type=\"widget\" data-widget_type=\"spacer.default\">\n\t\t\t\t\t\t\t<div class=\"elementor-spacer\">\n\t\t\t<div class=\"elementor-spacer-inner\"><\/div>\n\t\t<\/div>\n\t\t\t\t\t\t<\/div>\n\t\t\t\t<div class=\"elementor-element elementor-element-550f15f coffeytea-star-rating--align-center elementor-widget elementor-widget-witr_section_title\" data-id=\"550f15f\" data-element_type=\"widget\" data-e-type=\"widget\" data-widget_type=\"witr_section_title.default\">\n\t\t\t\t<div class=\"elementor-widget-container\">\n\t\t\t\t\t\t\t\t\t\t<!-- title left -->\n\t\t\t\t\t<div class=\"witr_section_title\">\n\t\t\t\t\t\t<div class=\"witr_section_title_inner text-left\">\n\t\t\t\t\t\t\n\t\t\t\t\t\t\t<!-- icon position -->\n\t\t\t\t\t\t\t\t\n\t\t\t\t\t\t\t<!-- end icon position -->\n\t\t\t\t\t\t\n\t\t\t\t\t\t\n\t\t\t\t\t\t\t<!-- title top -->\n\t\t\t\t\t\t\t\n\t\t\t\t\t\t\t<!-- icon position -->\n\t\t\t\t\t\t\t\t\n\t\t\t\t\t\t\t<!-- end icon position -->\n\n\t\t\t\t\t\t\t\n\t\t\t\t\t\t\t<!-- title middle -->\n\t\t\t\t\t\t\t\t\t\t\t\t\t\t\t<h3>\u00c1mbitos principales de trabajo<\/h3>\t\t\n\t\t\t\t\t\t\t\t\t\t\t\t\t\t<!-- title bottom -->\n\t\t\t\t\t\t\t\t\t\t\t\t\t\t\n\t\t\t\t\t\t\t<!-- icon position -->\n\t\t\t\t\t\t\t\t\t\t\t\t\t\t\n\t\t\t\t\t\t\t<!-- image -->\n\t\t\t\t\t\t\t\t\t\t\t\t\t\t<!-- icon -->\n\t\t\t\t\t\t\t\t\t\t\t\t\t\t\n\t\t\t\t\t\t\t<!-- bar -->\n\t\t\t\t\t\t\t\t\t\t\t\t\t\t<!-- circle bar -->\n\t\t\t\t\t\t\t\t\t\t\t\t\t\t\n\t\t\t\t\t\t\t\t\n\t\t\t\t\t\t\t<!-- end icon position -->\n\n\t\t\t\t\t\t\t<!-- content -->\n\t\t\t\t\t\t\t\t\t\t\t\t\t<\/div>\n\t\t\t\t\t\t\t<!-- inner title -->\n\t\t\t\t\t\t\t\t\t\t\t\t\t\n\t\t\t\t\t<\/div>\t\t\t\t\n\t\t\t\t\t\t\t\t<\/div>\n\t\t\t\t<\/div>\n\t\t<div class=\"elementor-element elementor-element-80fd2bd e-con-full e-grid e-con e-child\" data-id=\"80fd2bd\" data-element_type=\"container\" data-e-type=\"container\">\n\t\t\t\t<div class=\"elementor-element elementor-element-f9393e8 coffeytea-star-rating--align-center elementor-widget elementor-widget-witr_section_feature\" data-id=\"f9393e8\" data-element_type=\"widget\" data-e-type=\"widget\" data-widget_type=\"witr_section_feature.default\">\n\t\t\t\t<div class=\"elementor-widget-container\">\n\t\t\t\t\t\t\t\t<div class=\"sub-item sub-item-8 all_feature_color  text-left \">\n\t\t\t\t<!-- icon -->\n\t\t\t\t\t\t\t\t<!-- custom icon -->\n\t\t\t\t\t\t\t\t\n\t\t\t\t<!-- image -->\n\t\t\t\t\t\t\t\t<!-- title -->\n\t\t\t\t\t\t\t\t\t\t\t\t<h3>Proyectos de espacios p\u00fablicos <\/h3>\n\t\t\t\t\t\t\t\t\t\t\t\t<!-- content -->\n\t\t\t\t\t\t\t\t\t<p>parques, plazas, jardines, corredores verdes y espacios periurbanos, con criterios de sostenibilidad, biodiversidad y mejora ambientalb criteris de sostenibilitat, biodiversitat i millora ambiental. <\/p>\t\t\n\t\t\t\t\t\t\t\t<!-- button -->\n\t\t\t\t\t\t\t\t\n\t\t\t<\/div> <!-- sub item -->\t\t\n\t\t\t\t\t\t<\/div>\n\t\t\t\t<\/div>\n\t\t\t\t<div class=\"elementor-element elementor-element-6c6314f coffeytea-star-rating--align-center elementor-widget elementor-widget-witr_section_feature\" data-id=\"6c6314f\" data-element_type=\"widget\" data-e-type=\"widget\" data-widget_type=\"witr_section_feature.default\">\n\t\t\t\t<div class=\"elementor-widget-container\">\n\t\t\t\t\t\t\t\t<div class=\"sub-item sub-item-8 all_feature_color  text-left \">\n\t\t\t\t<!-- icon -->\n\t\t\t\t\t\t\t\t<!-- custom icon -->\n\t\t\t\t\t\t\t\t\n\t\t\t\t<!-- image -->\n\t\t\t\t\t\t\t\t<!-- title -->\n\t\t\t\t\t\t\t\t\t\t\t\t<h3>Estudios y planes directores <\/h3>\n\t\t\t\t\t\t\t\t\t\t\t\t<!-- content -->\n\t\t\t\t\t\t\t\t\t<p>infraestructura verde, impacto paisaj\u00edstico, mejoras de vegetaci\u00f3n y gesti\u00f3n de suelos urbanos. <\/p>\t\t\n\t\t\t\t\t\t\t\t<!-- button -->\n\t\t\t\t\t\t\t\t\n\t\t\t<\/div> <!-- sub item -->\t\t\n\t\t\t\t\t\t<\/div>\n\t\t\t\t<\/div>\n\t\t\t\t<div class=\"elementor-element elementor-element-ec10eb3 coffeytea-star-rating--align-center elementor-widget elementor-widget-witr_section_feature\" data-id=\"ec10eb3\" data-element_type=\"widget\" data-e-type=\"widget\" data-widget_type=\"witr_section_feature.default\">\n\t\t\t\t<div class=\"elementor-widget-container\">\n\t\t\t\t\t\t\t\t<div class=\"sub-item sub-item-8 all_feature_color  text-left \">\n\t\t\t\t<!-- icon -->\n\t\t\t\t\t\t\t\t<!-- custom icon -->\n\t\t\t\t\t\t\t\t\n\t\t\t\t<!-- image -->\n\t\t\t\t\t\t\t\t<!-- title -->\n\t\t\t\t\t\t\t\t\t\t\t\t<h3>Proyectos de vegetaci\u00f3n y riego <\/h3>\n\t\t\t\t\t\t\t\t\t\t\t\t<!-- content -->\n\t\t\t\t\t\t\t\t\t<p>dise\u00f1o y optimizaci\u00f3n de plantaciones y sistemas h\u00eddricos en entornos urbanos y naturales <\/p>\t\t\n\t\t\t\t\t\t\t\t<!-- button -->\n\t\t\t\t\t\t\t\t\n\t\t\t<\/div> <!-- sub item -->\t\t\n\t\t\t\t\t\t<\/div>\n\t\t\t\t<\/div>\n\t\t\t\t<div class=\"elementor-element elementor-element-b8924e3 coffeytea-star-rating--align-center elementor-widget elementor-widget-witr_section_feature\" data-id=\"b8924e3\" data-element_type=\"widget\" data-e-type=\"widget\" data-widget_type=\"witr_section_feature.default\">\n\t\t\t\t<div class=\"elementor-widget-container\">\n\t\t\t\t\t\t\t\t<div class=\"sub-item sub-item-8 all_feature_color  text-left \">\n\t\t\t\t<!-- icon -->\n\t\t\t\t\t\t\t\t<!-- custom icon -->\n\t\t\t\t\t\t\t\t\n\t\t\t\t<!-- image -->\n\t\t\t\t\t\t\t\t<!-- title -->\n\t\t\t\t\t\t\t\t\t\t\t\t<h3>Urbanismo y espacio p\u00fablico <\/h3>\n\t\t\t\t\t\t\t\t\t\t\t\t<!-- content -->\n\t\t\t\t\t\t\t\t\t<p>integraci\u00f3n paisaj\u00edstica en proyectos urban\u00edsticos e infraestructuras. <\/p>\t\t\n\t\t\t\t\t\t\t\t<!-- button -->\n\t\t\t\t\t\t\t\t\n\t\t\t<\/div> <!-- sub item -->\t\t\n\t\t\t\t\t\t<\/div>\n\t\t\t\t<\/div>\n\t\t\t\t<\/div>\n\t\t\t\t<div class=\"elementor-element elementor-element-326bf8c elementor-widget elementor-widget-spacer\" data-id=\"326bf8c\" data-element_type=\"widget\" data-e-type=\"widget\" data-widget_type=\"spacer.default\">\n\t\t\t\t\t\t\t<div class=\"elementor-spacer\">\n\t\t\t<div class=\"elementor-spacer-inner\"><\/div>\n\t\t<\/div>\n\t\t\t\t\t\t<\/div>\n\t\t\t\t<div class=\"elementor-element elementor-element-7e6b432 coffeytea-star-rating--align-center elementor-widget elementor-widget-witr_section_title\" data-id=\"7e6b432\" data-element_type=\"widget\" data-e-type=\"widget\" data-widget_type=\"witr_section_title.default\">\n\t\t\t\t<div class=\"elementor-widget-container\">\n\t\t\t\t\t\t\t\t\t\t<!-- title left -->\n\t\t\t\t\t<div class=\"witr_section_title\">\n\t\t\t\t\t\t<div class=\"witr_section_title_inner text-left\">\n\t\t\t\t\t\t\n\t\t\t\t\t\t\t<!-- icon position -->\n\t\t\t\t\t\t\t\t\n\t\t\t\t\t\t\t<!-- end icon position -->\n\t\t\t\t\t\t\n\t\t\t\t\t\t\n\t\t\t\t\t\t\t<!-- title top -->\n\t\t\t\t\t\t\t\n\t\t\t\t\t\t\t<!-- icon position -->\n\t\t\t\t\t\t\t\t\n\t\t\t\t\t\t\t<!-- end icon position -->\n\n\t\t\t\t\t\t\t\n\t\t\t\t\t\t\t<!-- title middle -->\n\t\t\t\t\t\t\t\t\t\t\t\t\t\t\t<h3>Otros<\/h3>\t\t\n\t\t\t\t\t\t\t\t\t\t\t\t\t\t<!-- title bottom -->\n\t\t\t\t\t\t\t\t\t\t\t\t\t\t\n\t\t\t\t\t\t\t<!-- icon position -->\n\t\t\t\t\t\t\t\t\t\t\t\t\t\t\n\t\t\t\t\t\t\t<!-- image -->\n\t\t\t\t\t\t\t\t\t\t\t\t\t\t<!-- icon -->\n\t\t\t\t\t\t\t\t\t\t\t\t\t\t\n\t\t\t\t\t\t\t<!-- bar -->\n\t\t\t\t\t\t\t\t\t\t\t\t\t\t<!-- circle bar -->\n\t\t\t\t\t\t\t\t\t\t\t\t\t\t\n\t\t\t\t\t\t\t\t\n\t\t\t\t\t\t\t<!-- end icon position -->\n\n\t\t\t\t\t\t\t<!-- content -->\n\t\t\t\t\t\t\t\t\t\t\t\t\t<\/div>\n\t\t\t\t\t\t\t<!-- inner title -->\n\t\t\t\t\t\t\t\t\t\t\t\t\t\n\t\t\t\t\t<\/div>\t\t\t\t\n\t\t\t\t\t\t\t\t<\/div>\n\t\t\t\t<\/div>\n\t\t\t\t<div class=\"elementor-element elementor-element-b0dc3b5 elementor-widget elementor-widget-text-editor\" data-id=\"b0dc3b5\" data-element_type=\"widget\" data-e-type=\"widget\" data-widget_type=\"text-editor.default\">\n\t\t\t\t\t\t\t\t\t<p>Colaboradores en el GRADO DE PAISAJISMO (UPC) como profesores adjuntos y socios de la Asociaci\u00f3n Espa\u00f1ola de Paisajistas, entre otros.<\/p>\t\t\t\t\t\t\t\t<\/div>\n\t\t\t\t<\/div>\n\t\t\t\t\t<\/div>\n\t\t\t\t<\/div>\n\t\t\t\t<section class=\"elementor-section elementor-top-section elementor-element elementor-element-e1b0ee9 elementor-section-boxed elementor-section-height-default elementor-section-height-default\" data-id=\"e1b0ee9\" data-element_type=\"section\" data-e-type=\"section\" data-settings=\"{&quot;background_background&quot;:&quot;classic&quot;}\">\n\t\t\t\t\t\t<div class=\"elementor-container elementor-column-gap-default\">\n\t\t\t\t\t<div class=\"elementor-column elementor-col-100 elementor-top-column elementor-element elementor-element-6cd0057\" data-id=\"6cd0057\" data-element_type=\"column\" data-e-type=\"column\">\n\t\t\t<div class=\"elementor-widget-wrap elementor-element-populated\">\n\t\t\t\t\t\t<div class=\"elementor-element elementor-element-3c72176 coffeytea-star-rating--align-center elementor-widget elementor-widget-witr_section_title\" data-id=\"3c72176\" data-element_type=\"widget\" data-e-type=\"widget\" data-widget_type=\"witr_section_title.default\">\n\t\t\t\t<div class=\"elementor-widget-container\">\n\t\t\t\t\t\t\t\t\t\t<!-- title center -->\n\t\t\t\t\t<div class=\"witr_section_title\">\n\t\t\t\t\t\t<div class=\"witr_section_title_inner text-center\">\n\n\t\t\t\t\t\t\t<!-- icon position -->\n\t\t\t\t\t\t\t\t\n\t\t\t\t\t\t\t<!-- end icon position -->\n\t\t\t\t\t\t\t\n\t\t\t\t\t\t\n\t\t\t\t\t\t\t<!-- title top -->\n\t\t\t\t\t\t\t\n\n\t\t\t\t\t\t\t<!-- icon position -->\n\t\t\t\t\t\t\t\t\n\t\t\t\t\t\t\t<!-- end icon position -->\n\n\n\t\t\t\t\t\t\t\n\t\t\t\t\t\t\t<!-- title middle -->\n\t\t\t\t\t\t\t\t\t\t\t\t\t\t\t<h3>Clientes y colaboradores habituales<\/h3>\t\t\n\t\t\t\t\t\t\t\t\t\t\t\t\t\t<!-- title bottom -->\n\t\t\t\t\t\t\t\n\t\t\t\t\t\t\t\n\t\t\t\t\t\t\t\n\t\t\t\t\t\t\t\t\t\t\t\t\t\t\n\t\t\t\t\t\t\t<!-- image -->\n\t\t\t\t\t\t\t\t\t\t\t\t\t\t<!-- icon -->\n\t\t\t\t\t\t\t\t\t\t\t\t\t\t\n\t\t\t\t\t\t\t<!-- bar -->\n\t\t\t\t\t\t\t\t\t\t\t\t\t\t<!-- circle bar -->\n\t\t\t\t\t\t\t\t\t\t\t\t\t\t\n\t\t\t\t\t\t\t\t\n\t\t\t\t\t\t\t\n\n\t\t\t\t\t\t\t\n\t\t\t\t\t\t\t<!-- content -->\n\t\t\t\t\t\t\t\t\t\t\t\t\t\t\n\t\t\t\t\t\t<\/div>\n\t\t\t\t\t\t\t<!-- inner title -->\n\t\t\t\t\t\t\t\t\t\t\t\t\t\n\t\t\t\t\t<\/div>\n\n\t\t\t\t\t\t\t\t<\/div>\n\t\t\t\t<\/div>\n\t\t\t\t<div class=\"elementor-element elementor-element-0d86f06 coffeytea-star-rating--align-center elementor-widget elementor-widget-witr_section_list\" data-id=\"0d86f06\" data-element_type=\"widget\" data-e-type=\"widget\" data-widget_type=\"witr_section_list.default\">\n\t\t\t\t<div class=\"elementor-widget-container\">\n\t\t\t\t\t\t\t\n\t\t\t<div class=\"departmentList all_list_color\">\n\t\t\t\t<!-- title -->\n\t\t\t\t\n\t\t\t\t\t<ul>\n\t\t\t\t\t\t\t\t\t\t\t\t\t\t\t\t\t\t<li>\n\t\t\t\t\t\t\t\t\t\t\t\t\t\t\t\t<span>\n\t\t\t\t\t\t\t\t\t\t\t\t\t\t\t\t\t\t\t<i class=\"icofont icofont-check-alt\"><\/i>\n\t\t\t\t\t\t\t\t\tAyuntamientos (Barcelona, Matar\u00f3, Zaragoza, Sabadell, Premi\u00e0 de Mar, Sant Adri\u00e0 de Bes\u00f2s, Sant Fost, Sant Joan Desp\u00ed, Cornell\u00e0, Mollet, L'Hospitalet, entre muchos otros).\t\t\t\t\t\t\t\t<\/span>\n\t\t\t\t\t\t\t<\/li>\n\t\t\t\t\t\t\t\t\t\t\t\t\t<li>\n\t\t\t\t\t\t\t\t\t\t\t\t\t\t\t\t<span>\n\t\t\t\t\t\t\t\t\t\t\t\t\t\t\t\t\t\t\t<i class=\"icofont icofont-check-alt\"><\/i>\n\t\t\t\t\t\t\t\t\tEntidades p\u00fablicas: Diputaci\u00f3n de Barcelona, \u00c1rea Metropolitana de Barcelona, Consorcio del Bes\u00f2s, BIMSA\t\t\t\t\t\t\t\t<\/span>\n\t\t\t\t\t\t\t<\/li>\n\t\t\t\t\t\t\t\t\t\t\t\t\t<li>\n\t\t\t\t\t\t\t\t\t\t\t\t\t\t\t\t<span>\n\t\t\t\t\t\t\t\t\t\t\t\t\t\t\t\t\t\t\t<i class=\"icofont icofont-check-alt\"><\/i>\n\t\t\t\t\t\t\t\t\tColaboraci\u00f3n interdisciplinaria con arquitectos, ingenieros, ambient\u00f3logos, paisajistas, viveristas y empresas constructoras\t\t\t\t\t\t\t\t<\/span>\n\t\t\t\t\t\t\t<\/li>\n\t\t\t\t\t\t\t\t\t\t\t\t\t<li>\n\t\t\t\t\t\t\t\t\t\t\t\t\t\t\t\t<span>\n\t\t\t\t\t\t\t\t\t\t\t\t\t\t\t\t\t\t\t<i class=\"icofont icofont-check-alt\"><\/i>\n\t\t\t\t\t\t\t\t\tViveristas: Arribas, Cultidelta, Salagraupera, Vivers Roig, Corma\t\t\t\t\t\t\t\t<\/span>\n\t\t\t\t\t\t\t<\/li>\n\t\t\t\t\t\t\t\t\t\t\t\n\t\t\t\t\t<\/ul>\t\t\t\t\t\n\t\t\t\t<!-- button -->\n\t\t\t\t\t\t\t\t\n\t\t\t<\/div>\t\t\n\n\t\t\t\t\t\t<\/div>\n\t\t\t\t<\/div>\n\t\t\t\t\t<\/div>\n\t\t<\/div>\n\t\t\t\t\t<\/div>\n\t\t<\/section>\n\t\t\t\t<\/div>\n\t\t","protected":false},"excerpt":{"rendered":"<p>MS PAISATGE Nuestra trayectoria Ms paisaje est\u00e1 formado por especialistas en ingenier\u00eda, biolog\u00eda, paisajismo y arboricultura urbana. Desarrollamos nuestra actividad desde 1997 en proyectos p\u00fablicos y privados. Tenemos una amplia trayectoria en rehabilitaci\u00f3n y renaturalizaci\u00f3n de espacios p\u00fablicos, tanto hist\u00f3ricos como de nueva creaci\u00f3n; as\u00ed como experiencia en el trabajo interdisciplinario para integrar biodiversidad, eficiencia [&hellip;]<\/p>\n","protected":false},"author":1,"featured_media":0,"parent":0,"menu_order":0,"comment_status":"closed","ping_status":"closed","template":"template-home.php","meta":{"footnotes":""},"class_list":["post-13247","page","type-page","status-publish","hentry"],"yoast_head":"<!-- This site is optimized with the Yoast SEO plugin v26.9 - https:\/\/yoast.com\/product\/yoast-seo-wordpress\/ -->\n<title>Especialistas en Paisajismo | MS Paisaje<\/title>\n<meta name=\"description\" content=\"Conoce a MS Paisaje, especialistas en paisajismo con experiencia en dise\u00f1o, ejecuci\u00f3n y mantenimiento de jardines adaptados a cada entorno.\" \/>\n<meta name=\"robots\" content=\"index, follow, max-snippet:-1, max-image-preview:large, max-video-preview:-1\" \/>\n<link rel=\"canonical\" href=\"https:\/\/www.mspaisatge.com\/es\/sobre-nosotros\/\" \/>\n<meta property=\"og:locale\" content=\"es_ES\" \/>\n<meta property=\"og:type\" content=\"article\" \/>\n<meta property=\"og:title\" content=\"Especialistas en Paisajismo | MS Paisaje\" \/>\n<meta property=\"og:description\" content=\"Conoce a MS Paisaje, especialistas en paisajismo con experiencia en dise\u00f1o, ejecuci\u00f3n y mantenimiento de jardines adaptados a cada entorno.\" \/>\n<meta property=\"og:url\" content=\"https:\/\/www.mspaisatge.com\/es\/sobre-nosotros\/\" \/>\n<meta property=\"og:site_name\" content=\"Mireies Paisatgistes\" \/>\n<meta property=\"article:modified_time\" content=\"2026-02-10T17:34:35+00:00\" \/>\n<meta property=\"og:image\" content=\"https:\/\/www.mspaisatge.com\/wp-content\/uploads\/2026\/01\/MSPaisatge-12-1.jpg\" \/>\n<meta name=\"twitter:card\" content=\"summary_large_image\" \/>\n<meta name=\"twitter:label1\" content=\"Tiempo de lectura\" \/>\n\t<meta name=\"twitter:data1\" content=\"2 minutos\" \/>\n<script type=\"application\/ld+json\" class=\"yoast-schema-graph\">{\"@context\":\"https:\/\/schema.org\",\"@graph\":[{\"@type\":\"WebPage\",\"@id\":\"https:\/\/www.mspaisatge.com\/es\/sobre-nosotros\/\",\"url\":\"https:\/\/www.mspaisatge.com\/es\/sobre-nosotros\/\",\"name\":\"Especialistas en Paisajismo | MS Paisaje\",\"isPartOf\":{\"@id\":\"https:\/\/www.mspaisatge.com\/#website\"},\"primaryImageOfPage\":{\"@id\":\"https:\/\/www.mspaisatge.com\/es\/sobre-nosotros\/#primaryimage\"},\"image\":{\"@id\":\"https:\/\/www.mspaisatge.com\/es\/sobre-nosotros\/#primaryimage\"},\"thumbnailUrl\":\"https:\/\/www.mspaisatge.com\/wp-content\/uploads\/2026\/01\/MSPaisatge-12-1.jpg\",\"datePublished\":\"2020-06-10T09:50:41+00:00\",\"dateModified\":\"2026-02-10T17:34:35+00:00\",\"description\":\"Conoce a MS Paisaje, especialistas en paisajismo con experiencia en dise\u00f1o, ejecuci\u00f3n y mantenimiento de jardines adaptados a cada entorno.\",\"breadcrumb\":{\"@id\":\"https:\/\/www.mspaisatge.com\/es\/sobre-nosotros\/#breadcrumb\"},\"inLanguage\":\"es\",\"potentialAction\":[{\"@type\":\"ReadAction\",\"target\":[\"https:\/\/www.mspaisatge.com\/es\/sobre-nosotros\/\"]}]},{\"@type\":\"ImageObject\",\"inLanguage\":\"es\",\"@id\":\"https:\/\/www.mspaisatge.com\/es\/sobre-nosotros\/#primaryimage\",\"url\":\"https:\/\/www.mspaisatge.com\/wp-content\/uploads\/2026\/01\/MSPaisatge-12-1.jpg\",\"contentUrl\":\"https:\/\/www.mspaisatge.com\/wp-content\/uploads\/2026\/01\/MSPaisatge-12-1.jpg\"},{\"@type\":\"BreadcrumbList\",\"@id\":\"https:\/\/www.mspaisatge.com\/es\/sobre-nosotros\/#breadcrumb\",\"itemListElement\":[{\"@type\":\"ListItem\",\"position\":1,\"name\":\"Inici\",\"item\":\"https:\/\/www.mspaisatge.com\/es\/\"},{\"@type\":\"ListItem\",\"position\":2,\"name\":\"Sobre nosotros\"}]},{\"@type\":\"WebSite\",\"@id\":\"https:\/\/www.mspaisatge.com\/#website\",\"url\":\"https:\/\/www.mspaisatge.com\/\",\"name\":\"Mireies Paisatgistes\",\"description\":\"\",\"publisher\":{\"@id\":\"https:\/\/www.mspaisatge.com\/#organization\"},\"potentialAction\":[{\"@type\":\"SearchAction\",\"target\":{\"@type\":\"EntryPoint\",\"urlTemplate\":\"https:\/\/www.mspaisatge.com\/?s={search_term_string}\"},\"query-input\":{\"@type\":\"PropertyValueSpecification\",\"valueRequired\":true,\"valueName\":\"search_term_string\"}}],\"inLanguage\":\"es\"},{\"@type\":\"Organization\",\"@id\":\"https:\/\/www.mspaisatge.com\/#organization\",\"name\":\"Mireies Paisatgistes\",\"url\":\"https:\/\/www.mspaisatge.com\/\",\"logo\":{\"@type\":\"ImageObject\",\"inLanguage\":\"es\",\"@id\":\"https:\/\/www.mspaisatge.com\/#\/schema\/logo\/image\/\",\"url\":\"https:\/\/www.mspaisatge.com\/wp-content\/uploads\/2025\/10\/cropped-01-ms-paisatge-logo.webp\",\"contentUrl\":\"https:\/\/www.mspaisatge.com\/wp-content\/uploads\/2025\/10\/cropped-01-ms-paisatge-logo.webp\",\"width\":512,\"height\":512,\"caption\":\"Mireies Paisatgistes\"},\"image\":{\"@id\":\"https:\/\/www.mspaisatge.com\/#\/schema\/logo\/image\/\"},\"sameAs\":[\"https:\/\/instagram.com\/mspaisatge\"]}]}<\/script>\n<!-- \/ Yoast SEO plugin. -->","yoast_head_json":{"title":"Especialistas en Paisajismo | MS Paisaje","description":"Conoce a MS Paisaje, especialistas en paisajismo con experiencia en dise\u00f1o, ejecuci\u00f3n y mantenimiento de jardines adaptados a cada entorno.","robots":{"index":"index","follow":"follow","max-snippet":"max-snippet:-1","max-image-preview":"max-image-preview:large","max-video-preview":"max-video-preview:-1"},"canonical":"https:\/\/www.mspaisatge.com\/es\/sobre-nosotros\/","og_locale":"es_ES","og_type":"article","og_title":"Especialistas en Paisajismo | MS Paisaje","og_description":"Conoce a MS Paisaje, especialistas en paisajismo con experiencia en dise\u00f1o, ejecuci\u00f3n y mantenimiento de jardines adaptados a cada entorno.","og_url":"https:\/\/www.mspaisatge.com\/es\/sobre-nosotros\/","og_site_name":"Mireies Paisatgistes","article_modified_time":"2026-02-10T17:34:35+00:00","og_image":[{"url":"https:\/\/www.mspaisatge.com\/wp-content\/uploads\/2026\/01\/MSPaisatge-12-1.jpg","type":"","width":"","height":""}],"twitter_card":"summary_large_image","twitter_misc":{"Tiempo de lectura":"2 minutos"},"schema":{"@context":"https:\/\/schema.org","@graph":[{"@type":"WebPage","@id":"https:\/\/www.mspaisatge.com\/es\/sobre-nosotros\/","url":"https:\/\/www.mspaisatge.com\/es\/sobre-nosotros\/","name":"Especialistas en Paisajismo | MS Paisaje","isPartOf":{"@id":"https:\/\/www.mspaisatge.com\/#website"},"primaryImageOfPage":{"@id":"https:\/\/www.mspaisatge.com\/es\/sobre-nosotros\/#primaryimage"},"image":{"@id":"https:\/\/www.mspaisatge.com\/es\/sobre-nosotros\/#primaryimage"},"thumbnailUrl":"https:\/\/www.mspaisatge.com\/wp-content\/uploads\/2026\/01\/MSPaisatge-12-1.jpg","datePublished":"2020-06-10T09:50:41+00:00","dateModified":"2026-02-10T17:34:35+00:00","description":"Conoce a MS Paisaje, especialistas en paisajismo con experiencia en dise\u00f1o, ejecuci\u00f3n y mantenimiento de jardines adaptados a cada entorno.","breadcrumb":{"@id":"https:\/\/www.mspaisatge.com\/es\/sobre-nosotros\/#breadcrumb"},"inLanguage":"es","potentialAction":[{"@type":"ReadAction","target":["https:\/\/www.mspaisatge.com\/es\/sobre-nosotros\/"]}]},{"@type":"ImageObject","inLanguage":"es","@id":"https:\/\/www.mspaisatge.com\/es\/sobre-nosotros\/#primaryimage","url":"https:\/\/www.mspaisatge.com\/wp-content\/uploads\/2026\/01\/MSPaisatge-12-1.jpg","contentUrl":"https:\/\/www.mspaisatge.com\/wp-content\/uploads\/2026\/01\/MSPaisatge-12-1.jpg"},{"@type":"BreadcrumbList","@id":"https:\/\/www.mspaisatge.com\/es\/sobre-nosotros\/#breadcrumb","itemListElement":[{"@type":"ListItem","position":1,"name":"Inici","item":"https:\/\/www.mspaisatge.com\/es\/"},{"@type":"ListItem","position":2,"name":"Sobre nosotros"}]},{"@type":"WebSite","@id":"https:\/\/www.mspaisatge.com\/#website","url":"https:\/\/www.mspaisatge.com\/","name":"Mireies Paisatgistes","description":"","publisher":{"@id":"https:\/\/www.mspaisatge.com\/#organization"},"potentialAction":[{"@type":"SearchAction","target":{"@type":"EntryPoint","urlTemplate":"https:\/\/www.mspaisatge.com\/?s={search_term_string}"},"query-input":{"@type":"PropertyValueSpecification","valueRequired":true,"valueName":"search_term_string"}}],"inLanguage":"es"},{"@type":"Organization","@id":"https:\/\/www.mspaisatge.com\/#organization","name":"Mireies Paisatgistes","url":"https:\/\/www.mspaisatge.com\/","logo":{"@type":"ImageObject","inLanguage":"es","@id":"https:\/\/www.mspaisatge.com\/#\/schema\/logo\/image\/","url":"https:\/\/www.mspaisatge.com\/wp-content\/uploads\/2025\/10\/cropped-01-ms-paisatge-logo.webp","contentUrl":"https:\/\/www.mspaisatge.com\/wp-content\/uploads\/2025\/10\/cropped-01-ms-paisatge-logo.webp","width":512,"height":512,"caption":"Mireies Paisatgistes"},"image":{"@id":"https:\/\/www.mspaisatge.com\/#\/schema\/logo\/image\/"},"sameAs":["https:\/\/instagram.com\/mspaisatge"]}]}},"_links":{"self":[{"href":"https:\/\/www.mspaisatge.com\/es\/wp-json\/wp\/v2\/pages\/13247","targetHints":{"allow":["GET"]}}],"collection":[{"href":"https:\/\/www.mspaisatge.com\/es\/wp-json\/wp\/v2\/pages"}],"about":[{"href":"https:\/\/www.mspaisatge.com\/es\/wp-json\/wp\/v2\/types\/page"}],"author":[{"embeddable":true,"href":"https:\/\/www.mspaisatge.com\/es\/wp-json\/wp\/v2\/users\/1"}],"replies":[{"embeddable":true,"href":"https:\/\/www.mspaisatge.com\/es\/wp-json\/wp\/v2\/comments?post=13247"}],"version-history":[{"count":4,"href":"https:\/\/www.mspaisatge.com\/es\/wp-json\/wp\/v2\/pages\/13247\/revisions"}],"predecessor-version":[{"id":13254,"href":"https:\/\/www.mspaisatge.com\/es\/wp-json\/wp\/v2\/pages\/13247\/revisions\/13254"}],"wp:attachment":[{"href":"https:\/\/www.mspaisatge.com\/es\/wp-json\/wp\/v2\/media?parent=13247"}],"curies":[{"name":"wp","href":"https:\/\/api.w.org\/{rel}","templated":true}]}}