{"id":13277,"date":"2025-12-03T20:24:00","date_gmt":"2025-12-03T18:24:00","guid":{"rendered":"https:\/\/mspaisatge.predev.eu\/politica-de-cookies\/"},"modified":"2026-02-10T17:49:53","modified_gmt":"2026-02-10T15:49:53","slug":"politica-de-cookies","status":"publish","type":"page","link":"https:\/\/www.mspaisatge.com\/es\/politica-de-cookies\/","title":{"rendered":"Pol\u00edtica de cookies"},"content":{"rendered":"\n<p>Siguiendo las directrices de la Agencia Espa\u00f1ola de Protecci\u00f3n de Datos procedemos a detallar el uso de cookies que hace esta web para informarle con la mayor exactitud posible.<\/p>\n\n\n\n<p>Este sitio web utiliza las siguientes cookies propias:<\/p>\n\n\n\n<p>Cookies de sesi\u00f3n, para garantizar que los usuarios que escriban comentarios en el blog sean humanos y no aplicaciones automatizadas. De esta manera se combate el spam.<\/p>\n\n\n\n<p>Este sitio web utiliza las siguientes cookies de terceros:<\/p>\n\n\n\n<p><strong>Google Analytics<\/strong>: Almacena cookies para poder elaborar estad\u00edsticas sobre el tr\u00e1fico y volumen de visitas de esta web. Al utilizar este sitio web est\u00e1 consintiendo el tratamiento de informaci\u00f3n sobre usted por Google. Por tanto, el ejercicio de cualquier derecho en este sentido deber\u00e1 hacerlo comunicando directamente con Google.<\/p>\n\n\n\n<p><strong>Redes sociales<\/strong>: Cada red social utiliza sus propias cookies para pinchar en botones del tipo Me gusta o compartir.<\/p>\n\n\n\n<h2 class=\"wp-block-heading\"><strong>Desactivaci\u00f3n o eliminaci\u00f3n de cookies<\/strong><\/h2>\n\n\n\n<p>En cualquier momento podr\u00e1 ejercitar su derecho de desactivaci\u00f3n o eliminaci\u00f3n de cookies de este sitio web. Estas acciones se realizan de forma distinta en funci\u00f3n del navegador que est\u00e9 usando.<\/p>\n","protected":false},"excerpt":{"rendered":"<p>Siguiendo las directrices de la Agencia Espa\u00f1ola de Protecci\u00f3n de Datos procedemos a detallar el uso de cookies que hace esta web para informarle con la mayor exactitud posible. Este sitio web utiliza las siguientes cookies propias: Cookies de sesi\u00f3n, para garantizar que los usuarios que escriban comentarios en el blog sean humanos y no [&hellip;]<\/p>\n","protected":false},"author":1,"featured_media":0,"parent":0,"menu_order":0,"comment_status":"closed","ping_status":"closed","template":"","meta":{"footnotes":""},"class_list":["post-13277","page","type-page","status-publish","hentry"],"yoast_head":"<!-- This site is optimized with the Yoast SEO plugin v26.9 - https:\/\/yoast.com\/product\/yoast-seo-wordpress\/ -->\n<title>Pol\u00edtica de cookies - Mireies Paisatgistes<\/title>\n<meta name=\"robots\" content=\"noindex, nofollow\" \/>\n<meta property=\"og:locale\" content=\"es_ES\" \/>\n<meta property=\"og:type\" content=\"article\" \/>\n<meta property=\"og:title\" content=\"Pol\u00edtica de cookies - Mireies Paisatgistes\" \/>\n<meta property=\"og:description\" content=\"Siguiendo las directrices de la Agencia Espa\u00f1ola de Protecci\u00f3n de Datos procedemos a detallar el uso de cookies que hace esta web para informarle con la mayor exactitud posible. Este sitio web utiliza las siguientes cookies propias: Cookies de sesi\u00f3n, para garantizar que los usuarios que escriban comentarios en el blog sean humanos y no [&hellip;]\" \/>\n<meta property=\"og:url\" content=\"https:\/\/www.mspaisatge.com\/es\/politica-de-cookies\/\" \/>\n<meta property=\"og:site_name\" content=\"Mireies Paisatgistes\" \/>\n<meta property=\"article:modified_time\" content=\"2026-02-10T15:49:53+00:00\" \/>\n<meta name=\"twitter:card\" content=\"summary_large_image\" \/>\n<meta name=\"twitter:label1\" content=\"Tiempo de lectura\" \/>\n\t<meta name=\"twitter:data1\" content=\"1 minuto\" \/>\n<script type=\"application\/ld+json\" class=\"yoast-schema-graph\">{\"@context\":\"https:\/\/schema.org\",\"@graph\":[{\"@type\":\"WebPage\",\"@id\":\"https:\/\/www.mspaisatge.com\/es\/politica-de-cookies\/\",\"url\":\"https:\/\/www.mspaisatge.com\/es\/politica-de-cookies\/\",\"name\":\"Pol\u00edtica de cookies - Mireies Paisatgistes\",\"isPartOf\":{\"@id\":\"https:\/\/www.mspaisatge.com\/#website\"},\"datePublished\":\"2025-12-03T18:24:00+00:00\",\"dateModified\":\"2026-02-10T15:49:53+00:00\",\"breadcrumb\":{\"@id\":\"https:\/\/www.mspaisatge.com\/es\/politica-de-cookies\/#breadcrumb\"},\"inLanguage\":\"es\",\"potentialAction\":[{\"@type\":\"ReadAction\",\"target\":[\"https:\/\/www.mspaisatge.com\/es\/politica-de-cookies\/\"]}]},{\"@type\":\"BreadcrumbList\",\"@id\":\"https:\/\/www.mspaisatge.com\/es\/politica-de-cookies\/#breadcrumb\",\"itemListElement\":[{\"@type\":\"ListItem\",\"position\":1,\"name\":\"Inici\",\"item\":\"https:\/\/www.mspaisatge.com\/es\/\"},{\"@type\":\"ListItem\",\"position\":2,\"name\":\"Pol\u00edtica de cookies\"}]},{\"@type\":\"WebSite\",\"@id\":\"https:\/\/www.mspaisatge.com\/#website\",\"url\":\"https:\/\/www.mspaisatge.com\/\",\"name\":\"Mireies Paisatgistes\",\"description\":\"\",\"publisher\":{\"@id\":\"https:\/\/www.mspaisatge.com\/#organization\"},\"potentialAction\":[{\"@type\":\"SearchAction\",\"target\":{\"@type\":\"EntryPoint\",\"urlTemplate\":\"https:\/\/www.mspaisatge.com\/?s={search_term_string}\"},\"query-input\":{\"@type\":\"PropertyValueSpecification\",\"valueRequired\":true,\"valueName\":\"search_term_string\"}}],\"inLanguage\":\"es\"},{\"@type\":\"Organization\",\"@id\":\"https:\/\/www.mspaisatge.com\/#organization\",\"name\":\"Mireies Paisatgistes\",\"url\":\"https:\/\/www.mspaisatge.com\/\",\"logo\":{\"@type\":\"ImageObject\",\"inLanguage\":\"es\",\"@id\":\"https:\/\/www.mspaisatge.com\/#\/schema\/logo\/image\/\",\"url\":\"https:\/\/www.mspaisatge.com\/wp-content\/uploads\/2025\/10\/cropped-01-ms-paisatge-logo.webp\",\"contentUrl\":\"https:\/\/www.mspaisatge.com\/wp-content\/uploads\/2025\/10\/cropped-01-ms-paisatge-logo.webp\",\"width\":512,\"height\":512,\"caption\":\"Mireies Paisatgistes\"},\"image\":{\"@id\":\"https:\/\/www.mspaisatge.com\/#\/schema\/logo\/image\/\"},\"sameAs\":[\"https:\/\/instagram.com\/mspaisatge\"]}]}<\/script>\n<!-- \/ Yoast SEO plugin. -->","yoast_head_json":{"title":"Pol\u00edtica de cookies - Mireies Paisatgistes","robots":{"index":"noindex","follow":"nofollow"},"og_locale":"es_ES","og_type":"article","og_title":"Pol\u00edtica de cookies - Mireies Paisatgistes","og_description":"Siguiendo las directrices de la Agencia Espa\u00f1ola de Protecci\u00f3n de Datos procedemos a detallar el uso de cookies que hace esta web para informarle con la mayor exactitud posible. Este sitio web utiliza las siguientes cookies propias: Cookies de sesi\u00f3n, para garantizar que los usuarios que escriban comentarios en el blog sean humanos y no [&hellip;]","og_url":"https:\/\/www.mspaisatge.com\/es\/politica-de-cookies\/","og_site_name":"Mireies Paisatgistes","article_modified_time":"2026-02-10T15:49:53+00:00","twitter_card":"summary_large_image","twitter_misc":{"Tiempo de lectura":"1 minuto"},"schema":{"@context":"https:\/\/schema.org","@graph":[{"@type":"WebPage","@id":"https:\/\/www.mspaisatge.com\/es\/politica-de-cookies\/","url":"https:\/\/www.mspaisatge.com\/es\/politica-de-cookies\/","name":"Pol\u00edtica de cookies - Mireies Paisatgistes","isPartOf":{"@id":"https:\/\/www.mspaisatge.com\/#website"},"datePublished":"2025-12-03T18:24:00+00:00","dateModified":"2026-02-10T15:49:53+00:00","breadcrumb":{"@id":"https:\/\/www.mspaisatge.com\/es\/politica-de-cookies\/#breadcrumb"},"inLanguage":"es","potentialAction":[{"@type":"ReadAction","target":["https:\/\/www.mspaisatge.com\/es\/politica-de-cookies\/"]}]},{"@type":"BreadcrumbList","@id":"https:\/\/www.mspaisatge.com\/es\/politica-de-cookies\/#breadcrumb","itemListElement":[{"@type":"ListItem","position":1,"name":"Inici","item":"https:\/\/www.mspaisatge.com\/es\/"},{"@type":"ListItem","position":2,"name":"Pol\u00edtica de cookies"}]},{"@type":"WebSite","@id":"https:\/\/www.mspaisatge.com\/#website","url":"https:\/\/www.mspaisatge.com\/","name":"Mireies Paisatgistes","description":"","publisher":{"@id":"https:\/\/www.mspaisatge.com\/#organization"},"potentialAction":[{"@type":"SearchAction","target":{"@type":"EntryPoint","urlTemplate":"https:\/\/www.mspaisatge.com\/?s={search_term_string}"},"query-input":{"@type":"PropertyValueSpecification","valueRequired":true,"valueName":"search_term_string"}}],"inLanguage":"es"},{"@type":"Organization","@id":"https:\/\/www.mspaisatge.com\/#organization","name":"Mireies Paisatgistes","url":"https:\/\/www.mspaisatge.com\/","logo":{"@type":"ImageObject","inLanguage":"es","@id":"https:\/\/www.mspaisatge.com\/#\/schema\/logo\/image\/","url":"https:\/\/www.mspaisatge.com\/wp-content\/uploads\/2025\/10\/cropped-01-ms-paisatge-logo.webp","contentUrl":"https:\/\/www.mspaisatge.com\/wp-content\/uploads\/2025\/10\/cropped-01-ms-paisatge-logo.webp","width":512,"height":512,"caption":"Mireies Paisatgistes"},"image":{"@id":"https:\/\/www.mspaisatge.com\/#\/schema\/logo\/image\/"},"sameAs":["https:\/\/instagram.com\/mspaisatge"]}]}},"_links":{"self":[{"href":"https:\/\/www.mspaisatge.com\/es\/wp-json\/wp\/v2\/pages\/13277","targetHints":{"allow":["GET"]}}],"collection":[{"href":"https:\/\/www.mspaisatge.com\/es\/wp-json\/wp\/v2\/pages"}],"about":[{"href":"https:\/\/www.mspaisatge.com\/es\/wp-json\/wp\/v2\/types\/page"}],"author":[{"embeddable":true,"href":"https:\/\/www.mspaisatge.com\/es\/wp-json\/wp\/v2\/users\/1"}],"replies":[{"embeddable":true,"href":"https:\/\/www.mspaisatge.com\/es\/wp-json\/wp\/v2\/comments?post=13277"}],"version-history":[{"count":1,"href":"https:\/\/www.mspaisatge.com\/es\/wp-json\/wp\/v2\/pages\/13277\/revisions"}],"predecessor-version":[{"id":13278,"href":"https:\/\/www.mspaisatge.com\/es\/wp-json\/wp\/v2\/pages\/13277\/revisions\/13278"}],"wp:attachment":[{"href":"https:\/\/www.mspaisatge.com\/es\/wp-json\/wp\/v2\/media?parent=13277"}],"curies":[{"name":"wp","href":"https:\/\/api.w.org\/{rel}","templated":true}]}}