{"id":13281,"date":"2025-12-03T20:22:25","date_gmt":"2025-12-03T18:22:25","guid":{"rendered":"https:\/\/mspaisatge.predev.eu\/politica-de-privacitat\/"},"modified":"2026-02-10T17:50:14","modified_gmt":"2026-02-10T15:50:14","slug":"politica-de-privacidad","status":"publish","type":"page","link":"https:\/\/www.mspaisatge.com\/es\/politica-de-privacidad\/","title":{"rendered":"Pol\u00edtica de privacidad"},"content":{"rendered":"\n<p><strong>Mireies Paisatgistes, SCPP.<\/strong>, cumple con las obligaciones que en relaci\u00f3n con la protecci\u00f3n de datos de car\u00e1cter personal resultan de la ley org\u00e1nica tres\/2018, de 5 de diciembre de protecci\u00f3n de datos personales y garant\u00eda de los derechos digitales y del Reglamento (UE) 2016\/679 del Parlamento Europeo y del consejo, de 27 de abril de 2016, relativo a la protecci\u00f3n de las personas f\u00edsicas por lo que respecta al tratamiento de datos personales y a la libre circulaci\u00f3n de estos datos.<\/p>\n\n\n\n<p>La pol\u00edtica de privacidad se refiere a los datos que se recojan o deriven de la utilizaci\u00f3n de este sitio web por los usuarios. A este efecto, Mireies Paisatgistes,SCPP, el responsable de su tratamiento, en cumplimiento de su doble sus obligaciones legalmente exigibles.<\/p>\n\n\n\n<p>Mireies Paisatgistes,scpp, tienen un inter\u00e9s leg\u00edtimo en utilizar tales datos en relaci\u00f3n con la gesti\u00f3n de solicitudes de informaci\u00f3n, contenidos o servicios que se soliciten por los usuarios en este sitio web. Fuera de los casos expresamente previstos en la ley, estos datos no ser\u00e1n comunicados a terceros.<\/p>\n\n\n\n<p>Los usuarios de este sitio web tienen los derechos que les corresponden de conformidad con la ley en el tratamiento de sus datos. De este modo, pueden ejercitar los derechos de acceso, rectificaci\u00f3n, supresi\u00f3n, oposici\u00f3n, limitaci\u00f3n del tratamiento y portabilidad en relaci\u00f3n con el tratamiento del que sea responsable Mireies Paisatgistes, SCPP.<\/p>\n\n\n\n<p><\/p>\n\n\n\n<p><\/p>\n\n\n\n<h2 class=\"wp-block-heading\"><strong>Propiedad Intelectual<\/strong><\/h2>\n\n\n\n<p>Se advierte que los proyectos, dibujos y material que aparece en el sitio web de Mireies Paisatgistes SCPP est\u00e1n protegidos por la legislaci\u00f3n de propiedad intelectual e industrial. Mireia Fern\u00e1ndez y Mireia Rubio son titulares de los de los correspondientes derechos y podr\u00e1n ejercitar las acciones que el ordenamiento jur\u00eddico les atribuye en defensa de los derechos y frente a cualquier acto que suponga su infracci\u00f3n conforme a la legislaci\u00f3n aplicable.<\/p>\n\n\n\n<p><\/p>\n\n\n\n<h2 class=\"wp-block-heading\">Notas adicionales<\/h2>\n\n\n\n<p>Ni esta web ni sus representantes legales se hacen responsables ni del contenido ni de la veracidad de las pol\u00edticas de privacidad que puedan tener los terceros mencionados en esta pol\u00edtica de cookies.<\/p>\n\n\n\n<p>Los navegadores web son las herramientas encargadas de almacenar las cookies y desde este lugar debe efectuar su derecho a eliminaci\u00f3n o desactivaci\u00f3n de las mismas. Ni esta web ni sus representantes legales pueden garantizar la correcta o incorrecta manipulaci\u00f3n de las cookies por parte de los mencionados navegadores.<\/p>\n\n\n\n<p>En algunos casos es necesario instalar cookies para que el navegador no olvide su decisi\u00f3n de no aceptaci\u00f3n de las mismas.<\/p>\n\n\n\n<p>En el caso de las cookies de Google Analytics, esta empresa almacena las cookies en servidores ubicados en Estados Unidos y se compromete a no compartirla con terceros, excepto en los casos en los que sea necesario para el funcionamiento del sistema o cuando la ley obligue a tal efecto.Para cualquier duda o consulta acerca de esta pol\u00edtica de cookies no dude en comunicarse con nosotros a trav\u00e9s de la secci\u00f3n de contacto o enviando un email a info@mspaisatge.com.<\/p>\n","protected":false},"excerpt":{"rendered":"<p>Mireies Paisatgistes, SCPP., cumple con las obligaciones que en relaci\u00f3n con la protecci\u00f3n de datos de car\u00e1cter personal resultan de la ley org\u00e1nica tres\/2018, de 5 de diciembre de protecci\u00f3n de datos personales y garant\u00eda de los derechos digitales y del Reglamento (UE) 2016\/679 del Parlamento Europeo y del consejo, de 27 de abril de [&hellip;]<\/p>\n","protected":false},"author":1,"featured_media":0,"parent":0,"menu_order":0,"comment_status":"closed","ping_status":"closed","template":"","meta":{"footnotes":""},"class_list":["post-13281","page","type-page","status-publish","hentry"],"yoast_head":"<!-- This site is optimized with the Yoast SEO plugin v26.9 - https:\/\/yoast.com\/product\/yoast-seo-wordpress\/ -->\n<title>Pol\u00edtica de privacidad - Mireies Paisatgistes<\/title>\n<meta name=\"robots\" content=\"noindex, nofollow\" \/>\n<meta property=\"og:locale\" content=\"es_ES\" \/>\n<meta property=\"og:type\" content=\"article\" \/>\n<meta property=\"og:title\" content=\"Pol\u00edtica de privacidad - Mireies Paisatgistes\" \/>\n<meta property=\"og:description\" content=\"Mireies Paisatgistes, SCPP., cumple con las obligaciones que en relaci\u00f3n con la protecci\u00f3n de datos de car\u00e1cter personal resultan de la ley org\u00e1nica tres\/2018, de 5 de diciembre de protecci\u00f3n de datos personales y garant\u00eda de los derechos digitales y del Reglamento (UE) 2016\/679 del Parlamento Europeo y del consejo, de 27 de abril de [&hellip;]\" \/>\n<meta property=\"og:url\" content=\"https:\/\/www.mspaisatge.com\/es\/politica-de-privacidad\/\" \/>\n<meta property=\"og:site_name\" content=\"Mireies Paisatgistes\" \/>\n<meta property=\"article:modified_time\" content=\"2026-02-10T15:50:14+00:00\" \/>\n<meta name=\"twitter:card\" content=\"summary_large_image\" \/>\n<meta name=\"twitter:label1\" content=\"Tiempo de lectura\" \/>\n\t<meta name=\"twitter:data1\" content=\"3 minutos\" \/>\n<script type=\"application\/ld+json\" class=\"yoast-schema-graph\">{\"@context\":\"https:\/\/schema.org\",\"@graph\":[{\"@type\":\"WebPage\",\"@id\":\"https:\/\/www.mspaisatge.com\/es\/politica-de-privacidad\/\",\"url\":\"https:\/\/www.mspaisatge.com\/es\/politica-de-privacidad\/\",\"name\":\"Pol\u00edtica de privacidad - Mireies Paisatgistes\",\"isPartOf\":{\"@id\":\"https:\/\/www.mspaisatge.com\/#website\"},\"datePublished\":\"2025-12-03T18:22:25+00:00\",\"dateModified\":\"2026-02-10T15:50:14+00:00\",\"breadcrumb\":{\"@id\":\"https:\/\/www.mspaisatge.com\/es\/politica-de-privacidad\/#breadcrumb\"},\"inLanguage\":\"es\",\"potentialAction\":[{\"@type\":\"ReadAction\",\"target\":[\"https:\/\/www.mspaisatge.com\/es\/politica-de-privacidad\/\"]}]},{\"@type\":\"BreadcrumbList\",\"@id\":\"https:\/\/www.mspaisatge.com\/es\/politica-de-privacidad\/#breadcrumb\",\"itemListElement\":[{\"@type\":\"ListItem\",\"position\":1,\"name\":\"Inici\",\"item\":\"https:\/\/www.mspaisatge.com\/es\/\"},{\"@type\":\"ListItem\",\"position\":2,\"name\":\"Pol\u00edtica de privacidad\"}]},{\"@type\":\"WebSite\",\"@id\":\"https:\/\/www.mspaisatge.com\/#website\",\"url\":\"https:\/\/www.mspaisatge.com\/\",\"name\":\"Mireies Paisatgistes\",\"description\":\"\",\"publisher\":{\"@id\":\"https:\/\/www.mspaisatge.com\/#organization\"},\"potentialAction\":[{\"@type\":\"SearchAction\",\"target\":{\"@type\":\"EntryPoint\",\"urlTemplate\":\"https:\/\/www.mspaisatge.com\/?s={search_term_string}\"},\"query-input\":{\"@type\":\"PropertyValueSpecification\",\"valueRequired\":true,\"valueName\":\"search_term_string\"}}],\"inLanguage\":\"es\"},{\"@type\":\"Organization\",\"@id\":\"https:\/\/www.mspaisatge.com\/#organization\",\"name\":\"Mireies Paisatgistes\",\"url\":\"https:\/\/www.mspaisatge.com\/\",\"logo\":{\"@type\":\"ImageObject\",\"inLanguage\":\"es\",\"@id\":\"https:\/\/www.mspaisatge.com\/#\/schema\/logo\/image\/\",\"url\":\"https:\/\/www.mspaisatge.com\/wp-content\/uploads\/2025\/10\/cropped-01-ms-paisatge-logo.webp\",\"contentUrl\":\"https:\/\/www.mspaisatge.com\/wp-content\/uploads\/2025\/10\/cropped-01-ms-paisatge-logo.webp\",\"width\":512,\"height\":512,\"caption\":\"Mireies Paisatgistes\"},\"image\":{\"@id\":\"https:\/\/www.mspaisatge.com\/#\/schema\/logo\/image\/\"},\"sameAs\":[\"https:\/\/instagram.com\/mspaisatge\"]}]}<\/script>\n<!-- \/ Yoast SEO plugin. -->","yoast_head_json":{"title":"Pol\u00edtica de privacidad - Mireies Paisatgistes","robots":{"index":"noindex","follow":"nofollow"},"og_locale":"es_ES","og_type":"article","og_title":"Pol\u00edtica de privacidad - Mireies Paisatgistes","og_description":"Mireies Paisatgistes, SCPP., cumple con las obligaciones que en relaci\u00f3n con la protecci\u00f3n de datos de car\u00e1cter personal resultan de la ley org\u00e1nica tres\/2018, de 5 de diciembre de protecci\u00f3n de datos personales y garant\u00eda de los derechos digitales y del Reglamento (UE) 2016\/679 del Parlamento Europeo y del consejo, de 27 de abril de [&hellip;]","og_url":"https:\/\/www.mspaisatge.com\/es\/politica-de-privacidad\/","og_site_name":"Mireies Paisatgistes","article_modified_time":"2026-02-10T15:50:14+00:00","twitter_card":"summary_large_image","twitter_misc":{"Tiempo de lectura":"3 minutos"},"schema":{"@context":"https:\/\/schema.org","@graph":[{"@type":"WebPage","@id":"https:\/\/www.mspaisatge.com\/es\/politica-de-privacidad\/","url":"https:\/\/www.mspaisatge.com\/es\/politica-de-privacidad\/","name":"Pol\u00edtica de privacidad - Mireies Paisatgistes","isPartOf":{"@id":"https:\/\/www.mspaisatge.com\/#website"},"datePublished":"2025-12-03T18:22:25+00:00","dateModified":"2026-02-10T15:50:14+00:00","breadcrumb":{"@id":"https:\/\/www.mspaisatge.com\/es\/politica-de-privacidad\/#breadcrumb"},"inLanguage":"es","potentialAction":[{"@type":"ReadAction","target":["https:\/\/www.mspaisatge.com\/es\/politica-de-privacidad\/"]}]},{"@type":"BreadcrumbList","@id":"https:\/\/www.mspaisatge.com\/es\/politica-de-privacidad\/#breadcrumb","itemListElement":[{"@type":"ListItem","position":1,"name":"Inici","item":"https:\/\/www.mspaisatge.com\/es\/"},{"@type":"ListItem","position":2,"name":"Pol\u00edtica de privacidad"}]},{"@type":"WebSite","@id":"https:\/\/www.mspaisatge.com\/#website","url":"https:\/\/www.mspaisatge.com\/","name":"Mireies Paisatgistes","description":"","publisher":{"@id":"https:\/\/www.mspaisatge.com\/#organization"},"potentialAction":[{"@type":"SearchAction","target":{"@type":"EntryPoint","urlTemplate":"https:\/\/www.mspaisatge.com\/?s={search_term_string}"},"query-input":{"@type":"PropertyValueSpecification","valueRequired":true,"valueName":"search_term_string"}}],"inLanguage":"es"},{"@type":"Organization","@id":"https:\/\/www.mspaisatge.com\/#organization","name":"Mireies Paisatgistes","url":"https:\/\/www.mspaisatge.com\/","logo":{"@type":"ImageObject","inLanguage":"es","@id":"https:\/\/www.mspaisatge.com\/#\/schema\/logo\/image\/","url":"https:\/\/www.mspaisatge.com\/wp-content\/uploads\/2025\/10\/cropped-01-ms-paisatge-logo.webp","contentUrl":"https:\/\/www.mspaisatge.com\/wp-content\/uploads\/2025\/10\/cropped-01-ms-paisatge-logo.webp","width":512,"height":512,"caption":"Mireies Paisatgistes"},"image":{"@id":"https:\/\/www.mspaisatge.com\/#\/schema\/logo\/image\/"},"sameAs":["https:\/\/instagram.com\/mspaisatge"]}]}},"_links":{"self":[{"href":"https:\/\/www.mspaisatge.com\/es\/wp-json\/wp\/v2\/pages\/13281","targetHints":{"allow":["GET"]}}],"collection":[{"href":"https:\/\/www.mspaisatge.com\/es\/wp-json\/wp\/v2\/pages"}],"about":[{"href":"https:\/\/www.mspaisatge.com\/es\/wp-json\/wp\/v2\/types\/page"}],"author":[{"embeddable":true,"href":"https:\/\/www.mspaisatge.com\/es\/wp-json\/wp\/v2\/users\/1"}],"replies":[{"embeddable":true,"href":"https:\/\/www.mspaisatge.com\/es\/wp-json\/wp\/v2\/comments?post=13281"}],"version-history":[{"count":2,"href":"https:\/\/www.mspaisatge.com\/es\/wp-json\/wp\/v2\/pages\/13281\/revisions"}],"predecessor-version":[{"id":13285,"href":"https:\/\/www.mspaisatge.com\/es\/wp-json\/wp\/v2\/pages\/13281\/revisions\/13285"}],"wp:attachment":[{"href":"https:\/\/www.mspaisatge.com\/es\/wp-json\/wp\/v2\/media?parent=13281"}],"curies":[{"name":"wp","href":"https:\/\/api.w.org\/{rel}","templated":true}]}}